{"id":734,"date":"2023-07-18T09:20:48","date_gmt":"2023-07-18T09:20:48","guid":{"rendered":"http:\/\/mustluik.ee\/?post_type=product&#038;p=734"},"modified":"2023-09-03T14:35:40","modified_gmt":"2023-09-03T14:35:40","slug":"panda-kaktus","status":"publish","type":"product","link":"https:\/\/mustluik.ee\/en\/product\/panda-kaktus\/","title":{"rendered":"PANDA AND CACTUS"},"content":{"rendered":"","protected":false},"excerpt":{"rendered":"","protected":false},"featured_media":640,"template":"","meta":[],"product_cat":[33],"product_tag":[],"class_list":["post-734","product","type-product","status-publish","has-post-thumbnail","hentry","product_cat-loomad-linnud-loodus"],"yoast_head":"<!-- This site is optimized with the Yoast SEO plugin v21.0 - https:\/\/yoast.com\/wordpress\/plugins\/seo\/ -->\n<title>Panda ja kaktus | Kost&uuml;&uuml;milaenutus Must Luik<\/title>\n<meta name=\"description\" content=\"Moestuudio Must Luik kost\u00fc\u00fcmilaenutuse asukoht Tallinna kesklinnas on kergelt leitav, kost\u00fc\u00fcmivalik nii lastele kui t\u00e4iskasvanutele on v\u00e4ga suur ja ...\" \/>\n<meta name=\"robots\" content=\"index, follow, max-snippet:-1, max-image-preview:large, max-video-preview:-1\" \/>\n<link rel=\"canonical\" href=\"https:\/\/mustluik.ee\/en\/product\/panda-kaktus\/\" \/>\n<meta property=\"og:locale\" content=\"en_GB\" \/>\n<meta property=\"og:type\" content=\"article\" \/>\n<meta property=\"og:title\" content=\"Panda ja kaktus | Kost&uuml;&uuml;milaenutus Must Luik\" \/>\n<meta property=\"og:description\" content=\"Moestuudio Must Luik kost\u00fc\u00fcmilaenutuse asukoht Tallinna kesklinnas on kergelt leitav, kost\u00fc\u00fcmivalik nii lastele kui t\u00e4iskasvanutele on v\u00e4ga suur ja ...\" \/>\n<meta property=\"og:url\" content=\"https:\/\/mustluik.ee\/en\/product\/panda-kaktus\/\" \/>\n<meta property=\"og:site_name\" content=\"Kost&uuml;&uuml;milaenutus Must Luik\" \/>\n<meta property=\"article:publisher\" content=\"https:\/\/www.facebook.com\/profile.php?id=100057053156805\" \/>\n<meta property=\"article:modified_time\" content=\"2023-09-03T14:35:40+00:00\" \/>\n<meta property=\"og:image\" content=\"https:\/\/mustluik.ee\/wp-content\/uploads\/2023\/05\/pandakaktus.jpg\" \/>\n\t<meta property=\"og:image:width\" content=\"591\" \/>\n\t<meta property=\"og:image:height\" content=\"886\" \/>\n\t<meta property=\"og:image:type\" content=\"image\/jpeg\" \/>\n<meta name=\"twitter:card\" content=\"summary_large_image\" \/>\n<script type=\"application\/ld+json\" class=\"yoast-schema-graph\">{\"@context\":\"https:\/\/schema.org\",\"@graph\":[{\"@type\":\"WebPage\",\"@id\":\"https:\/\/mustluik.ee\/toode\/panda-kaktus\/\",\"url\":\"https:\/\/mustluik.ee\/toode\/panda-kaktus\/\",\"name\":\"Panda ja kaktus | Kost&uuml;&uuml;milaenutus Must Luik\",\"isPartOf\":{\"@id\":\"https:\/\/mustluik.ee\/#website\"},\"datePublished\":\"2023-07-18T09:20:48+00:00\",\"dateModified\":\"2023-09-03T14:35:40+00:00\",\"description\":\"Moestuudio Must Luik kost\u00fc\u00fcmilaenutuse asukoht Tallinna kesklinnas on kergelt leitav, kost\u00fc\u00fcmivalik nii lastele kui t\u00e4iskasvanutele on v\u00e4ga suur ja ...\",\"breadcrumb\":{\"@id\":\"https:\/\/mustluik.ee\/toode\/panda-kaktus\/#breadcrumb\"},\"inLanguage\":\"en-GB\",\"potentialAction\":[{\"@type\":\"ReadAction\",\"target\":[\"https:\/\/mustluik.ee\/toode\/panda-kaktus\/\"]}]},{\"@type\":\"BreadcrumbList\",\"@id\":\"https:\/\/mustluik.ee\/toode\/panda-kaktus\/#breadcrumb\",\"itemListElement\":[{\"@type\":\"ListItem\",\"position\":1,\"name\":\"Home\",\"item\":\"https:\/\/mustluik.ee\/\"},{\"@type\":\"ListItem\",\"position\":2,\"name\":\"Pood\",\"item\":\"http:\/\/mustluik.ee\/en\/?page_id=383\"},{\"@type\":\"ListItem\",\"position\":3,\"name\":\"Panda ja kaktus\"}]},{\"@type\":\"WebSite\",\"@id\":\"https:\/\/mustluik.ee\/#website\",\"url\":\"https:\/\/mustluik.ee\/\",\"name\":\"Kost&uuml;&uuml;milaenutus Must Luik\",\"description\":\"\",\"publisher\":{\"@id\":\"https:\/\/mustluik.ee\/#organization\"},\"potentialAction\":[{\"@type\":\"SearchAction\",\"target\":{\"@type\":\"EntryPoint\",\"urlTemplate\":\"https:\/\/mustluik.ee\/?s={search_term_string}\"},\"query-input\":\"required name=search_term_string\"}],\"inLanguage\":\"en-GB\"},{\"@type\":\"Organization\",\"@id\":\"https:\/\/mustluik.ee\/#organization\",\"name\":\"Kost&uuml;&uuml;milaenutus Must Luik\",\"url\":\"https:\/\/mustluik.ee\/\",\"logo\":{\"@type\":\"ImageObject\",\"inLanguage\":\"en-GB\",\"@id\":\"https:\/\/mustluik.ee\/#\/schema\/logo\/image\/\",\"url\":\"https:\/\/mustluik.ee\/wp-content\/uploads\/2023\/05\/Must-Luik-logo-2.png\",\"contentUrl\":\"https:\/\/mustluik.ee\/wp-content\/uploads\/2023\/05\/Must-Luik-logo-2.png\",\"width\":653,\"height\":683,\"caption\":\"Kost&uuml;&uuml;milaenutus Must Luik\"},\"image\":{\"@id\":\"https:\/\/mustluik.ee\/#\/schema\/logo\/image\/\"},\"sameAs\":[\"https:\/\/www.facebook.com\/profile.php?id=100057053156805\"]}]}<\/script>\n<!-- \/ Yoast SEO plugin. -->","yoast_head_json":{"title":"Panda ja kaktus | Kost&uuml;&uuml;milaenutus Must Luik","description":"Moestuudio Must Luik kost\u00fc\u00fcmilaenutuse asukoht Tallinna kesklinnas on kergelt leitav, kost\u00fc\u00fcmivalik nii lastele kui t\u00e4iskasvanutele on v\u00e4ga suur ja ...","robots":{"index":"index","follow":"follow","max-snippet":"max-snippet:-1","max-image-preview":"max-image-preview:large","max-video-preview":"max-video-preview:-1"},"canonical":"https:\/\/mustluik.ee\/en\/product\/panda-kaktus\/","og_locale":"en_GB","og_type":"article","og_title":"Panda ja kaktus | Kost&uuml;&uuml;milaenutus Must Luik","og_description":"Moestuudio Must Luik kost\u00fc\u00fcmilaenutuse asukoht Tallinna kesklinnas on kergelt leitav, kost\u00fc\u00fcmivalik nii lastele kui t\u00e4iskasvanutele on v\u00e4ga suur ja ...","og_url":"https:\/\/mustluik.ee\/en\/product\/panda-kaktus\/","og_site_name":"Kost&uuml;&uuml;milaenutus Must Luik","article_publisher":"https:\/\/www.facebook.com\/profile.php?id=100057053156805","article_modified_time":"2023-09-03T14:35:40+00:00","og_image":[{"width":591,"height":886,"url":"https:\/\/mustluik.ee\/wp-content\/uploads\/2023\/05\/pandakaktus.jpg","type":"image\/jpeg"}],"twitter_card":"summary_large_image","schema":{"@context":"https:\/\/schema.org","@graph":[{"@type":"WebPage","@id":"https:\/\/mustluik.ee\/toode\/panda-kaktus\/","url":"https:\/\/mustluik.ee\/toode\/panda-kaktus\/","name":"Panda ja kaktus | Kost&uuml;&uuml;milaenutus Must Luik","isPartOf":{"@id":"https:\/\/mustluik.ee\/#website"},"datePublished":"2023-07-18T09:20:48+00:00","dateModified":"2023-09-03T14:35:40+00:00","description":"Moestuudio Must Luik kost\u00fc\u00fcmilaenutuse asukoht Tallinna kesklinnas on kergelt leitav, kost\u00fc\u00fcmivalik nii lastele kui t\u00e4iskasvanutele on v\u00e4ga suur ja ...","breadcrumb":{"@id":"https:\/\/mustluik.ee\/toode\/panda-kaktus\/#breadcrumb"},"inLanguage":"en-GB","potentialAction":[{"@type":"ReadAction","target":["https:\/\/mustluik.ee\/toode\/panda-kaktus\/"]}]},{"@type":"BreadcrumbList","@id":"https:\/\/mustluik.ee\/toode\/panda-kaktus\/#breadcrumb","itemListElement":[{"@type":"ListItem","position":1,"name":"Home","item":"https:\/\/mustluik.ee\/"},{"@type":"ListItem","position":2,"name":"Pood","item":"http:\/\/mustluik.ee\/en\/?page_id=383"},{"@type":"ListItem","position":3,"name":"Panda ja kaktus"}]},{"@type":"WebSite","@id":"https:\/\/mustluik.ee\/#website","url":"https:\/\/mustluik.ee\/","name":"Kost&uuml;&uuml;milaenutus Must Luik","description":"","publisher":{"@id":"https:\/\/mustluik.ee\/#organization"},"potentialAction":[{"@type":"SearchAction","target":{"@type":"EntryPoint","urlTemplate":"https:\/\/mustluik.ee\/?s={search_term_string}"},"query-input":"required name=search_term_string"}],"inLanguage":"en-GB"},{"@type":"Organization","@id":"https:\/\/mustluik.ee\/#organization","name":"Kost&uuml;&uuml;milaenutus Must Luik","url":"https:\/\/mustluik.ee\/","logo":{"@type":"ImageObject","inLanguage":"en-GB","@id":"https:\/\/mustluik.ee\/#\/schema\/logo\/image\/","url":"https:\/\/mustluik.ee\/wp-content\/uploads\/2023\/05\/Must-Luik-logo-2.png","contentUrl":"https:\/\/mustluik.ee\/wp-content\/uploads\/2023\/05\/Must-Luik-logo-2.png","width":653,"height":683,"caption":"Kost&uuml;&uuml;milaenutus Must Luik"},"image":{"@id":"https:\/\/mustluik.ee\/#\/schema\/logo\/image\/"},"sameAs":["https:\/\/www.facebook.com\/profile.php?id=100057053156805"]}]}},"_links":{"self":[{"href":"https:\/\/mustluik.ee\/en\/wp-json\/wp\/v2\/product\/734","targetHints":{"allow":["GET"]}}],"collection":[{"href":"https:\/\/mustluik.ee\/en\/wp-json\/wp\/v2\/product"}],"about":[{"href":"https:\/\/mustluik.ee\/en\/wp-json\/wp\/v2\/types\/product"}],"wp:featuredmedia":[{"embeddable":true,"href":"https:\/\/mustluik.ee\/en\/wp-json\/wp\/v2\/media\/640"}],"wp:attachment":[{"href":"https:\/\/mustluik.ee\/en\/wp-json\/wp\/v2\/media?parent=734"}],"wp:term":[{"taxonomy":"product_cat","embeddable":true,"href":"https:\/\/mustluik.ee\/en\/wp-json\/wp\/v2\/product_cat?post=734"},{"taxonomy":"product_tag","embeddable":true,"href":"https:\/\/mustluik.ee\/en\/wp-json\/wp\/v2\/product_tag?post=734"}],"curies":[{"name":"wp","href":"https:\/\/api.w.org\/{rel}","templated":true}]}}