{"id":298,"date":"2023-05-24T12:20:33","date_gmt":"2023-05-24T12:20:33","guid":{"rendered":"http:\/\/mustluik.ee\/?page_id=298"},"modified":"2023-08-21T14:42:52","modified_gmt":"2023-08-21T14:42:52","slug":"aksessuaarid","status":"publish","type":"page","link":"https:\/\/mustluik.ee\/en\/aksessuaarid\/","title":{"rendered":"Accessories"},"content":{"rendered":"<div data-elementor-type=\"wp-page\" data-elementor-id=\"298\" class=\"elementor elementor-298\" data-elementor-post-type=\"page\">\n\t\t\t\t\t\t\t\t\t<section class=\"elementor-section elementor-top-section elementor-element elementor-element-25a3db9 elementor-section-boxed elementor-section-height-default elementor-section-height-default\" data-id=\"25a3db9\" data-element_type=\"section\">\n\t\t\t\t\t\t<div class=\"elementor-container elementor-column-gap-no\">\n\t\t\t\t\t<div class=\"elementor-column elementor-col-100 elementor-top-column elementor-element elementor-element-d58a74b\" data-id=\"d58a74b\" data-element_type=\"column\">\n\t\t\t<div class=\"elementor-widget-wrap elementor-element-populated\">\n\t\t\t\t\t\t\t\t<div class=\"elementor-element elementor-element-6268bcf elementor-invisible elementor-widget elementor-widget-heading\" data-id=\"6268bcf\" data-element_type=\"widget\" data-settings=\"{&quot;_animation&quot;:&quot;fadeInUp&quot;}\" data-widget_type=\"heading.default\">\n\t\t\t\t<div class=\"elementor-widget-container\">\n\t\t\t<style>\/*! elementor - v3.15.0 - 20-08-2023 *\/\n.elementor-heading-title{padding:0;margin:0;line-height:1}.elementor-widget-heading .elementor-heading-title[class*=elementor-size-]>a{color:inherit;font-size:inherit;line-height:inherit}.elementor-widget-heading .elementor-heading-title.elementor-size-small{font-size:15px}.elementor-widget-heading .elementor-heading-title.elementor-size-medium{font-size:19px}.elementor-widget-heading .elementor-heading-title.elementor-size-large{font-size:29px}.elementor-widget-heading .elementor-heading-title.elementor-size-xl{font-size:39px}.elementor-widget-heading .elementor-heading-title.elementor-size-xxl{font-size:59px}<\/style><h1 class=\"elementor-heading-title elementor-size-default\">Accessories<\/h1>\t\t<\/div>\n\t\t\t\t<\/div>\n\t\t\t\t<div class=\"elementor-element elementor-element-d9503ad elementor-invisible elementor-widget elementor-widget-text-editor\" data-id=\"d9503ad\" data-element_type=\"widget\" data-settings=\"{&quot;_animation&quot;:&quot;fadeInDown&quot;}\" data-widget_type=\"text-editor.default\">\n\t\t\t\t<div class=\"elementor-widget-container\">\n\t\t\t<style>\/*! elementor - v3.15.0 - 20-08-2023 *\/\n.elementor-widget-text-editor.elementor-drop-cap-view-stacked .elementor-drop-cap{background-color:#69727d;color:#fff}.elementor-widget-text-editor.elementor-drop-cap-view-framed .elementor-drop-cap{color:#69727d;border:3px solid;background-color:transparent}.elementor-widget-text-editor:not(.elementor-drop-cap-view-default) .elementor-drop-cap{margin-top:8px}.elementor-widget-text-editor:not(.elementor-drop-cap-view-default) .elementor-drop-cap-letter{width:1em;height:1em}.elementor-widget-text-editor .elementor-drop-cap{float:left;text-align:center;line-height:1;font-size:50px}.elementor-widget-text-editor .elementor-drop-cap-letter{display:inline-block}<\/style>\t\t\t\t<div class=\"group w-full text-gray-800 dark:text-gray-100 border-b border-black\/10 dark:border-gray-900\/50 bg-gray-50 dark:bg-[#444654]\"><div class=\"flex p-4 gap-4 text-base md:gap-6 md:max-w-2xl lg:max-w-xl xl:max-w-3xl md:py-6 lg:px-0 m-auto\"><div class=\"relative flex w-[calc(100%-50px)] flex-col gap-1 md:gap-3 lg:w-[calc(100%-115px)]\"><div class=\"flex flex-grow flex-col gap-3\"><div class=\"min-h-[20px] flex flex-col items-start gap-4 whitespace-pre-wrap break-words\"><div class=\"markdown prose w-full break-words dark:prose-invert light\"><p>We have a very wide range of accessories. What you see in the photos is just a sample of the collections. Our friendly team will help you choose the right accessories to make your costume a perfect eye-catcher.<span style=\"color: #888888;\"><br \/><\/span><\/p><\/div><\/div><\/div><\/div><\/div><\/div>\t\t\t\t\t\t<\/div>\n\t\t\t\t<\/div>\n\t\t\t\t\t<\/div>\n\t\t<\/div>\n\t\t\t\t\t\t\t<\/div>\n\t\t<\/section>\n\t\t\t\t<section class=\"elementor-section elementor-top-section elementor-element elementor-element-4c5ef3a elementor-section-full_width elementor-section-height-default elementor-section-height-default\" data-id=\"4c5ef3a\" data-element_type=\"section\">\n\t\t\t\t\t\t<div class=\"elementor-container elementor-column-gap-no\">\n\t\t\t\t\t<div class=\"elementor-column elementor-col-100 elementor-top-column elementor-element elementor-element-f198313\" data-id=\"f198313\" data-element_type=\"column\">\n\t\t\t<div class=\"elementor-widget-wrap elementor-element-populated\">\n\t\t\t\t\t\t\t\t<div class=\"elementor-element elementor-element-8a17360 elementor-grid-tablet-3 elementor-grid-4 elementor-grid-mobile-2 elementor-products-grid elementor-wc-products elementor-widget elementor-widget-woocommerce-products\" data-id=\"8a17360\" data-element_type=\"widget\" data-widget_type=\"woocommerce-products.default\">\n\t\t\t\t<div class=\"elementor-widget-container\">\n\t\t\t<link rel=\"stylesheet\" href=\"https:\/\/mustluik.ee\/wp-content\/plugins\/elementor-pro\/assets\/css\/widget-woocommerce.min.css\"><div class=\"woocommerce columns-4\"><ul class=\"products elementor-grid columns-4\">\n<li class=\"product type-product post-2350 status-publish first instock product_cat-aksessuaarid has-post-thumbnail sold-individually shipping-taxable product-type-simple\">\n\t<\/li>\n<li class=\"product type-product post-2348 status-publish instock product_cat-aksessuaarid has-post-thumbnail sold-individually shipping-taxable product-type-simple\">\n\t<\/li>\n<li class=\"product type-product post-2346 status-publish instock product_cat-aksessuaarid has-post-thumbnail sold-individually shipping-taxable product-type-simple\">\n\t<\/li>\n<li class=\"product type-product post-2344 status-publish last instock product_cat-aksessuaarid has-post-thumbnail sold-individually shipping-taxable product-type-simple\">\n\t<\/li>\n<li class=\"product type-product post-2342 status-publish first instock product_cat-aksessuaarid has-post-thumbnail sold-individually shipping-taxable product-type-simple\">\n\t<\/li>\n<li class=\"product type-product post-2340 status-publish instock product_cat-aksessuaarid has-post-thumbnail sold-individually shipping-taxable product-type-simple\">\n\t<\/li>\n<li class=\"product type-product post-2338 status-publish instock product_cat-aksessuaarid has-post-thumbnail sold-individually shipping-taxable product-type-simple\">\n\t<\/li>\n<li class=\"product type-product post-2336 status-publish last instock product_cat-aksessuaarid has-post-thumbnail sold-individually shipping-taxable product-type-simple\">\n\t<\/li>\n<li class=\"product type-product post-2334 status-publish first instock product_cat-aksessuaarid has-post-thumbnail sold-individually shipping-taxable product-type-simple\">\n\t<\/li>\n<li class=\"product type-product post-2332 status-publish instock product_cat-aksessuaarid has-post-thumbnail sold-individually shipping-taxable product-type-simple\">\n\t<\/li>\n<li class=\"product type-product post-2330 status-publish instock product_cat-aksessuaarid has-post-thumbnail sold-individually shipping-taxable product-type-simple\">\n\t<\/li>\n<li class=\"product type-product post-2328 status-publish last instock product_cat-aksessuaarid has-post-thumbnail sold-individually shipping-taxable product-type-simple\">\n\t<\/li>\n<li class=\"product type-product post-2326 status-publish first instock product_cat-aksessuaarid has-post-thumbnail sold-individually shipping-taxable product-type-simple\">\n\t<\/li>\n<li class=\"product type-product post-2324 status-publish instock product_cat-aksessuaarid has-post-thumbnail sold-individually shipping-taxable product-type-simple\">\n\t<\/li>\n<li class=\"product type-product post-2322 status-publish instock product_cat-aksessuaarid has-post-thumbnail sold-individually shipping-taxable product-type-simple\">\n\t<\/li>\n<li class=\"product type-product post-2320 status-publish last instock product_cat-aksessuaarid has-post-thumbnail sold-individually shipping-taxable product-type-simple\">\n\t<\/li>\n<li class=\"product type-product post-2318 status-publish first instock product_cat-aksessuaarid has-post-thumbnail sold-individually shipping-taxable product-type-simple\">\n\t<\/li>\n<li class=\"product type-product post-2316 status-publish instock product_cat-aksessuaarid has-post-thumbnail sold-individually shipping-taxable product-type-simple\">\n\t<\/li>\n<li class=\"product type-product post-2314 status-publish instock product_cat-aksessuaarid has-post-thumbnail sold-individually shipping-taxable product-type-simple\">\n\t<\/li>\n<li class=\"product type-product post-2312 status-publish last instock product_cat-aksessuaarid has-post-thumbnail sold-individually shipping-taxable product-type-simple\">\n\t<\/li>\n<li class=\"product type-product post-2209 status-publish first instock product_cat-aksessuaarid has-post-thumbnail sold-individually shipping-taxable product-type-simple\">\n\t<\/li>\n<li class=\"product type-product post-2207 status-publish instock product_cat-aksessuaarid has-post-thumbnail sold-individually shipping-taxable product-type-simple\">\n\t<\/li>\n<li class=\"product type-product post-2205 status-publish instock product_cat-aksessuaarid has-post-thumbnail sold-individually shipping-taxable product-type-simple\">\n\t<\/li>\n<li class=\"product type-product post-2005 status-publish last instock product_cat-aksessuaarid has-post-thumbnail sold-individually shipping-taxable product-type-simple\">\n\t<\/li>\n<li class=\"product type-product post-2003 status-publish first instock product_cat-aksessuaarid has-post-thumbnail sold-individually shipping-taxable product-type-simple\">\n\t<\/li>\n<li class=\"product type-product post-1885 status-publish instock product_cat-aksessuaarid has-post-thumbnail sold-individually shipping-taxable product-type-simple\">\n\t<\/li>\n<li class=\"product type-product post-1883 status-publish instock product_cat-aksessuaarid has-post-thumbnail sold-individually shipping-taxable product-type-simple\">\n\t<\/li>\n<li class=\"product type-product post-1881 status-publish last instock product_cat-aksessuaarid has-post-thumbnail sold-individually shipping-taxable product-type-simple\">\n\t<\/li>\n<\/ul>\n<\/div>\t\t<\/div>\n\t\t\t\t<\/div>\n\t\t\t\t\t<\/div>\n\t\t<\/div>\n\t\t\t\t\t\t\t<\/div>\n\t\t<\/section>\n\t\t\t\t\t\t\t<\/div>","protected":false},"excerpt":{"rendered":"<p>Aksessuaarid Meie aksessuaaride valik on v\u00e4ga lai. Fotodel n\u00e4htu on vaid osa kollektsioonidest. Meie s\u00f5bralik meeskond aitab kost\u00fc\u00fcmi juurde valida sobivad aksessuaarid, mis muudavad sinu kost\u00fc\u00fcmi t\u00e4iuslikult pilkup\u00fc\u00fcdvaks.<\/p>","protected":false},"author":2,"featured_media":0,"parent":0,"menu_order":0,"comment_status":"closed","ping_status":"closed","template":"","meta":{"footnotes":""},"class_list":["post-298","page","type-page","status-publish","hentry"],"yoast_head":"<!-- This site is optimized with the Yoast SEO plugin v21.0 - https:\/\/yoast.com\/wordpress\/plugins\/seo\/ -->\n<title>Aksessuaarid | Kost&uuml;&uuml;milaenutus Must Luik<\/title>\n<meta name=\"description\" content=\"Moestuudio Must Luik kost\u00fc\u00fcmilaenutuse asukoht Tallinna kesklinnas on kergelt leitav, kost\u00fc\u00fcmivalik nii lastele kui t\u00e4iskasvanutele on v\u00e4ga suur ja ....\" \/>\n<meta name=\"robots\" content=\"index, follow, max-snippet:-1, max-image-preview:large, max-video-preview:-1\" \/>\n<link rel=\"canonical\" href=\"https:\/\/mustluik.ee\/en\/aksessuaarid\/\" \/>\n<meta property=\"og:locale\" content=\"en_GB\" \/>\n<meta property=\"og:type\" content=\"article\" \/>\n<meta property=\"og:title\" content=\"Aksessuaarid | Kost&uuml;&uuml;milaenutus Must Luik\" \/>\n<meta property=\"og:description\" content=\"Moestuudio Must Luik kost\u00fc\u00fcmilaenutuse asukoht Tallinna kesklinnas on kergelt leitav, kost\u00fc\u00fcmivalik nii lastele kui t\u00e4iskasvanutele on v\u00e4ga suur ja ....\" \/>\n<meta property=\"og:url\" content=\"https:\/\/mustluik.ee\/en\/aksessuaarid\/\" \/>\n<meta property=\"og:site_name\" content=\"Kost&uuml;&uuml;milaenutus Must Luik\" \/>\n<meta property=\"article:publisher\" content=\"https:\/\/www.facebook.com\/profile.php?id=100057053156805\" \/>\n<meta property=\"article:modified_time\" content=\"2023-08-21T14:42:52+00:00\" \/>\n<meta name=\"twitter:card\" content=\"summary_large_image\" \/>\n<meta name=\"twitter:label1\" content=\"Estimated reading time\" \/>\n\t<meta name=\"twitter:data1\" content=\"2 minutes\" \/>\n<script type=\"application\/ld+json\" class=\"yoast-schema-graph\">{\"@context\":\"https:\/\/schema.org\",\"@graph\":[{\"@type\":\"WebPage\",\"@id\":\"https:\/\/mustluik.ee\/aksessuaarid\/\",\"url\":\"https:\/\/mustluik.ee\/aksessuaarid\/\",\"name\":\"Aksessuaarid | Kost&uuml;&uuml;milaenutus Must Luik\",\"isPartOf\":{\"@id\":\"https:\/\/mustluik.ee\/#website\"},\"datePublished\":\"2023-05-24T12:20:33+00:00\",\"dateModified\":\"2023-08-21T14:42:52+00:00\",\"description\":\"Moestuudio Must Luik kost\u00fc\u00fcmilaenutuse asukoht Tallinna kesklinnas on kergelt leitav, kost\u00fc\u00fcmivalik nii lastele kui t\u00e4iskasvanutele on v\u00e4ga suur ja ....\",\"breadcrumb\":{\"@id\":\"https:\/\/mustluik.ee\/aksessuaarid\/#breadcrumb\"},\"inLanguage\":\"en-GB\",\"potentialAction\":[{\"@type\":\"ReadAction\",\"target\":[\"https:\/\/mustluik.ee\/aksessuaarid\/\"]}]},{\"@type\":\"BreadcrumbList\",\"@id\":\"https:\/\/mustluik.ee\/aksessuaarid\/#breadcrumb\",\"itemListElement\":[{\"@type\":\"ListItem\",\"position\":1,\"name\":\"Home\",\"item\":\"https:\/\/mustluik.ee\/\"},{\"@type\":\"ListItem\",\"position\":2,\"name\":\"Aksessuaarid\"}]},{\"@type\":\"WebSite\",\"@id\":\"https:\/\/mustluik.ee\/#website\",\"url\":\"https:\/\/mustluik.ee\/\",\"name\":\"Kost&uuml;&uuml;milaenutus Must Luik\",\"description\":\"\",\"publisher\":{\"@id\":\"https:\/\/mustluik.ee\/#organization\"},\"potentialAction\":[{\"@type\":\"SearchAction\",\"target\":{\"@type\":\"EntryPoint\",\"urlTemplate\":\"https:\/\/mustluik.ee\/?s={search_term_string}\"},\"query-input\":\"required name=search_term_string\"}],\"inLanguage\":\"en-GB\"},{\"@type\":\"Organization\",\"@id\":\"https:\/\/mustluik.ee\/#organization\",\"name\":\"Kost&uuml;&uuml;milaenutus Must Luik\",\"url\":\"https:\/\/mustluik.ee\/\",\"logo\":{\"@type\":\"ImageObject\",\"inLanguage\":\"en-GB\",\"@id\":\"https:\/\/mustluik.ee\/#\/schema\/logo\/image\/\",\"url\":\"https:\/\/mustluik.ee\/wp-content\/uploads\/2023\/05\/Must-Luik-logo-2.png\",\"contentUrl\":\"https:\/\/mustluik.ee\/wp-content\/uploads\/2023\/05\/Must-Luik-logo-2.png\",\"width\":653,\"height\":683,\"caption\":\"Kost&uuml;&uuml;milaenutus Must Luik\"},\"image\":{\"@id\":\"https:\/\/mustluik.ee\/#\/schema\/logo\/image\/\"},\"sameAs\":[\"https:\/\/www.facebook.com\/profile.php?id=100057053156805\"]}]}<\/script>\n<!-- \/ Yoast SEO plugin. -->","yoast_head_json":{"title":"Aksessuaarid | Kost&uuml;&uuml;milaenutus Must Luik","description":"Moestuudio Must Luik kost\u00fc\u00fcmilaenutuse asukoht Tallinna kesklinnas on kergelt leitav, kost\u00fc\u00fcmivalik nii lastele kui t\u00e4iskasvanutele on v\u00e4ga suur ja ....","robots":{"index":"index","follow":"follow","max-snippet":"max-snippet:-1","max-image-preview":"max-image-preview:large","max-video-preview":"max-video-preview:-1"},"canonical":"https:\/\/mustluik.ee\/en\/aksessuaarid\/","og_locale":"en_GB","og_type":"article","og_title":"Aksessuaarid | Kost&uuml;&uuml;milaenutus Must Luik","og_description":"Moestuudio Must Luik kost\u00fc\u00fcmilaenutuse asukoht Tallinna kesklinnas on kergelt leitav, kost\u00fc\u00fcmivalik nii lastele kui t\u00e4iskasvanutele on v\u00e4ga suur ja ....","og_url":"https:\/\/mustluik.ee\/en\/aksessuaarid\/","og_site_name":"Kost&uuml;&uuml;milaenutus Must Luik","article_publisher":"https:\/\/www.facebook.com\/profile.php?id=100057053156805","article_modified_time":"2023-08-21T14:42:52+00:00","twitter_card":"summary_large_image","twitter_misc":{"Estimated reading time":"2 minutes"},"schema":{"@context":"https:\/\/schema.org","@graph":[{"@type":"WebPage","@id":"https:\/\/mustluik.ee\/aksessuaarid\/","url":"https:\/\/mustluik.ee\/aksessuaarid\/","name":"Aksessuaarid | Kost&uuml;&uuml;milaenutus Must Luik","isPartOf":{"@id":"https:\/\/mustluik.ee\/#website"},"datePublished":"2023-05-24T12:20:33+00:00","dateModified":"2023-08-21T14:42:52+00:00","description":"Moestuudio Must Luik kost\u00fc\u00fcmilaenutuse asukoht Tallinna kesklinnas on kergelt leitav, kost\u00fc\u00fcmivalik nii lastele kui t\u00e4iskasvanutele on v\u00e4ga suur ja ....","breadcrumb":{"@id":"https:\/\/mustluik.ee\/aksessuaarid\/#breadcrumb"},"inLanguage":"en-GB","potentialAction":[{"@type":"ReadAction","target":["https:\/\/mustluik.ee\/aksessuaarid\/"]}]},{"@type":"BreadcrumbList","@id":"https:\/\/mustluik.ee\/aksessuaarid\/#breadcrumb","itemListElement":[{"@type":"ListItem","position":1,"name":"Home","item":"https:\/\/mustluik.ee\/"},{"@type":"ListItem","position":2,"name":"Aksessuaarid"}]},{"@type":"WebSite","@id":"https:\/\/mustluik.ee\/#website","url":"https:\/\/mustluik.ee\/","name":"Kost&uuml;&uuml;milaenutus Must Luik","description":"","publisher":{"@id":"https:\/\/mustluik.ee\/#organization"},"potentialAction":[{"@type":"SearchAction","target":{"@type":"EntryPoint","urlTemplate":"https:\/\/mustluik.ee\/?s={search_term_string}"},"query-input":"required name=search_term_string"}],"inLanguage":"en-GB"},{"@type":"Organization","@id":"https:\/\/mustluik.ee\/#organization","name":"Kost&uuml;&uuml;milaenutus Must Luik","url":"https:\/\/mustluik.ee\/","logo":{"@type":"ImageObject","inLanguage":"en-GB","@id":"https:\/\/mustluik.ee\/#\/schema\/logo\/image\/","url":"https:\/\/mustluik.ee\/wp-content\/uploads\/2023\/05\/Must-Luik-logo-2.png","contentUrl":"https:\/\/mustluik.ee\/wp-content\/uploads\/2023\/05\/Must-Luik-logo-2.png","width":653,"height":683,"caption":"Kost&uuml;&uuml;milaenutus Must Luik"},"image":{"@id":"https:\/\/mustluik.ee\/#\/schema\/logo\/image\/"},"sameAs":["https:\/\/www.facebook.com\/profile.php?id=100057053156805"]}]}},"_links":{"self":[{"href":"https:\/\/mustluik.ee\/en\/wp-json\/wp\/v2\/pages\/298","targetHints":{"allow":["GET"]}}],"collection":[{"href":"https:\/\/mustluik.ee\/en\/wp-json\/wp\/v2\/pages"}],"about":[{"href":"https:\/\/mustluik.ee\/en\/wp-json\/wp\/v2\/types\/page"}],"author":[{"embeddable":true,"href":"https:\/\/mustluik.ee\/en\/wp-json\/wp\/v2\/users\/2"}],"replies":[{"embeddable":true,"href":"https:\/\/mustluik.ee\/en\/wp-json\/wp\/v2\/comments?post=298"}],"version-history":[{"count":115,"href":"https:\/\/mustluik.ee\/en\/wp-json\/wp\/v2\/pages\/298\/revisions"}],"predecessor-version":[{"id":1674,"href":"https:\/\/mustluik.ee\/en\/wp-json\/wp\/v2\/pages\/298\/revisions\/1674"}],"wp:attachment":[{"href":"https:\/\/mustluik.ee\/en\/wp-json\/wp\/v2\/media?parent=298"}],"curies":[{"name":"wp","href":"https:\/\/api.w.org\/{rel}","templated":true}]}}