{"id":24,"date":"2023-05-16T16:31:53","date_gmt":"2023-05-16T16:31:53","guid":{"rendered":"http:\/\/mustluik.ee\/about\/"},"modified":"2023-09-03T14:48:12","modified_gmt":"2023-09-03T14:48:12","slug":"meist","status":"publish","type":"page","link":"https:\/\/mustluik.ee\/en\/meist\/","title":{"rendered":"About us"},"content":{"rendered":"<div data-elementor-type=\"wp-page\" data-elementor-id=\"24\" class=\"elementor elementor-24\" data-elementor-post-type=\"page\">\n\t\t\t\t\t\t\t\t\t<section class=\"elementor-section elementor-top-section elementor-element elementor-element-4f30228a elementor-section-content-middle elementor-section-boxed elementor-section-height-default elementor-section-height-default\" data-id=\"4f30228a\" data-element_type=\"section\">\n\t\t\t\t\t\t<div class=\"elementor-container elementor-column-gap-no\">\n\t\t\t\t\t<div class=\"elementor-column elementor-col-50 elementor-top-column elementor-element elementor-element-1c7ea575\" data-id=\"1c7ea575\" data-element_type=\"column\">\n\t\t\t<div class=\"elementor-widget-wrap elementor-element-populated\">\n\t\t\t\t\t\t\t\t<div class=\"elementor-element elementor-element-355e3339 elementor-widget elementor-widget-heading\" data-id=\"355e3339\" data-element_type=\"widget\" data-widget_type=\"heading.default\">\n\t\t\t\t<div class=\"elementor-widget-container\">\n\t\t\t<style>\/*! elementor - v3.15.0 - 20-08-2023 *\/\n.elementor-heading-title{padding:0;margin:0;line-height:1}.elementor-widget-heading .elementor-heading-title[class*=elementor-size-]>a{color:inherit;font-size:inherit;line-height:inherit}.elementor-widget-heading .elementor-heading-title.elementor-size-small{font-size:15px}.elementor-widget-heading .elementor-heading-title.elementor-size-medium{font-size:19px}.elementor-widget-heading .elementor-heading-title.elementor-size-large{font-size:29px}.elementor-widget-heading .elementor-heading-title.elementor-size-xl{font-size:39px}.elementor-widget-heading .elementor-heading-title.elementor-size-xxl{font-size:59px}<\/style><h1 class=\"elementor-heading-title elementor-size-default\">Fashion Studio Must Luik \u2014 Tallinn's most versatile costume rental service<\/h1>\t\t<\/div>\n\t\t\t\t<\/div>\n\t\t\t\t\t<\/div>\n\t\t<\/div>\n\t\t\t\t<div class=\"elementor-column elementor-col-50 elementor-top-column elementor-element elementor-element-33c25076\" data-id=\"33c25076\" data-element_type=\"column\">\n\t\t\t<div class=\"elementor-widget-wrap elementor-element-populated\">\n\t\t\t\t\t\t\t\t<div class=\"elementor-element elementor-element-59aad2b0 elementor-widget elementor-widget-text-editor\" data-id=\"59aad2b0\" data-element_type=\"widget\" data-widget_type=\"text-editor.default\">\n\t\t\t\t<div class=\"elementor-widget-container\">\n\t\t\t<style>\/*! elementor - v3.15.0 - 20-08-2023 *\/\n.elementor-widget-text-editor.elementor-drop-cap-view-stacked .elementor-drop-cap{background-color:#69727d;color:#fff}.elementor-widget-text-editor.elementor-drop-cap-view-framed .elementor-drop-cap{color:#69727d;border:3px solid;background-color:transparent}.elementor-widget-text-editor:not(.elementor-drop-cap-view-default) .elementor-drop-cap{margin-top:8px}.elementor-widget-text-editor:not(.elementor-drop-cap-view-default) .elementor-drop-cap-letter{width:1em;height:1em}.elementor-widget-text-editor .elementor-drop-cap{float:left;text-align:center;line-height:1;font-size:50px}.elementor-widget-text-editor .elementor-drop-cap-letter{display:inline-block}<\/style>\t\t\t\t<p>Step into our magical world of costumes to suit all tastes and styles, from simple factory costumes to authentic uniforms and historical costumes. You'll never be out of options with our selection.<\/p>\t\t\t\t\t\t<\/div>\n\t\t\t\t<\/div>\n\t\t\t\t\t<\/div>\n\t\t<\/div>\n\t\t\t\t\t\t\t<\/div>\n\t\t<\/section>\n\t\t\t\t<section class=\"elementor-section elementor-top-section elementor-element elementor-element-72a5cf80 elementor-section-full_width elementor-section-height-default elementor-section-height-default\" data-id=\"72a5cf80\" data-element_type=\"section\">\n\t\t\t\t\t\t<div class=\"elementor-container elementor-column-gap-no\">\n\t\t\t\t\t<div class=\"elementor-column elementor-col-100 elementor-top-column elementor-element elementor-element-68ea9f33\" data-id=\"68ea9f33\" data-element_type=\"column\">\n\t\t\t<div class=\"elementor-widget-wrap elementor-element-populated\">\n\t\t\t\t\t\t\t\t<div class=\"elementor-element elementor-element-710d1e1a elementor-widget elementor-widget-image\" data-id=\"710d1e1a\" data-element_type=\"widget\" data-settings=\"{&quot;motion_fx_motion_fx_scrolling&quot;:&quot;yes&quot;,&quot;motion_fx_scale_effect&quot;:&quot;yes&quot;,&quot;motion_fx_scale_speed&quot;:{&quot;unit&quot;:&quot;px&quot;,&quot;size&quot;:2,&quot;sizes&quot;:[]},&quot;motion_fx_scale_range&quot;:{&quot;unit&quot;:&quot;%&quot;,&quot;size&quot;:&quot;&quot;,&quot;sizes&quot;:{&quot;start&quot;:50,&quot;end&quot;:100}},&quot;motion_fx_scale_direction&quot;:&quot;out-in&quot;,&quot;motion_fx_devices&quot;:[&quot;desktop&quot;,&quot;tablet&quot;,&quot;mobile&quot;]}\" data-widget_type=\"image.default\">\n\t\t\t\t<div class=\"elementor-widget-container\">\n\t\t\t<style>\/*! elementor - v3.15.0 - 20-08-2023 *\/\n.elementor-widget-image{text-align:center}.elementor-widget-image a{display:inline-block}.elementor-widget-image a img[src$=\".svg\"]{width:48px}.elementor-widget-image img{vertical-align:middle;display:inline-block}<\/style>\t\t\t\t\t\t\t\t\t\t\t\t<img decoding=\"async\" width=\"1920\" height=\"1440\" src=\"https:\/\/mustluik.ee\/wp-content\/uploads\/2023\/08\/IMG-7214.jpg\" class=\"attachment-full size-full wp-image-1687\" alt=\"\" srcset=\"https:\/\/mustluik.ee\/wp-content\/uploads\/2023\/08\/IMG-7214.jpg 1920w, https:\/\/mustluik.ee\/wp-content\/uploads\/2023\/08\/IMG-7214-300x225.jpg 300w, https:\/\/mustluik.ee\/wp-content\/uploads\/2023\/08\/IMG-7214-1024x768.jpg 1024w, https:\/\/mustluik.ee\/wp-content\/uploads\/2023\/08\/IMG-7214-768x576.jpg 768w, https:\/\/mustluik.ee\/wp-content\/uploads\/2023\/08\/IMG-7214-1536x1152.jpg 1536w, https:\/\/mustluik.ee\/wp-content\/uploads\/2023\/08\/IMG-7214-16x12.jpg 16w, https:\/\/mustluik.ee\/wp-content\/uploads\/2023\/08\/IMG-7214-1000x750.jpg 1000w\" sizes=\"(max-width: 1920px) 100vw, 1920px\" \/>\t\t\t\t\t\t\t\t\t\t\t\t\t\t\t<\/div>\n\t\t\t\t<\/div>\n\t\t\t\t\t<\/div>\n\t\t<\/div>\n\t\t\t\t\t\t\t<\/div>\n\t\t<\/section>\n\t\t\t\t<section class=\"elementor-section elementor-top-section elementor-element elementor-element-6e0eb917 elementor-section-boxed elementor-section-height-default elementor-section-height-default\" data-id=\"6e0eb917\" data-element_type=\"section\">\n\t\t\t\t\t\t<div class=\"elementor-container elementor-column-gap-no\">\n\t\t\t\t\t<div class=\"elementor-column elementor-col-100 elementor-top-column elementor-element elementor-element-471395a1\" data-id=\"471395a1\" data-element_type=\"column\">\n\t\t\t<div class=\"elementor-widget-wrap elementor-element-populated\">\n\t\t\t\t\t\t\t\t<div class=\"elementor-element elementor-element-4d9ebf87 elementor-invisible elementor-widget elementor-widget-heading\" data-id=\"4d9ebf87\" data-element_type=\"widget\" data-settings=\"{&quot;_animation&quot;:&quot;fadeInUp&quot;}\" data-widget_type=\"heading.default\">\n\t\t\t\t<div class=\"elementor-widget-container\">\n\t\t\t<h2 class=\"elementor-heading-title elementor-size-default\">ABOUT OUR COMPANY<\/h2>\t\t<\/div>\n\t\t\t\t<\/div>\n\t\t\t\t<div class=\"elementor-element elementor-element-20abe9dd elementor-widget elementor-widget-heading\" data-id=\"20abe9dd\" data-element_type=\"widget\" data-widget_type=\"heading.default\">\n\t\t\t\t<div class=\"elementor-widget-container\">\n\t\t\t<h2 class=\"elementor-heading-title elementor-size-default\">Let's step into the world of costumes together \u2014 discover, experience and enjoy the magic of Must Luik!<\/h2>\t\t<\/div>\n\t\t\t\t<\/div>\n\t\t\t\t\t<\/div>\n\t\t<\/div>\n\t\t\t\t\t\t\t<\/div>\n\t\t<\/section>\n\t\t\t\t<section class=\"elementor-section elementor-top-section elementor-element elementor-element-ae22c6f elementor-section-content-middle elementor-section-boxed elementor-section-height-default elementor-section-height-default\" data-id=\"ae22c6f\" data-element_type=\"section\">\n\t\t\t\t\t\t<div class=\"elementor-container elementor-column-gap-no\">\n\t\t\t\t\t<div class=\"elementor-column elementor-col-100 elementor-top-column elementor-element elementor-element-ccfd508\" data-id=\"ccfd508\" data-element_type=\"column\">\n\t\t\t<div class=\"elementor-widget-wrap elementor-element-populated\">\n\t\t\t\t\t\t\t\t<div class=\"elementor-element elementor-element-0ff6c9b elementor-widget elementor-widget-text-editor\" data-id=\"0ff6c9b\" data-element_type=\"widget\" data-widget_type=\"text-editor.default\">\n\t\t\t\t<div class=\"elementor-widget-container\">\n\t\t\t\t\t\t\t<p>The fashion studio Must Luik was born in the summer of 1995 while organising Segasumma Suvila children's camp. The camp ran for a total of 14 years, growing to such a size that it was able to provide meaningful and fun summer holidays for thousands of children.<\/p><p>Must Luik fashion studio was founded as a private hobby school in the autumn of 1995, and operated for a total of ten years. The school taught children and young people fine arts and provided stage experience in numerous major performances.<\/p><p>In the autumn of 2003, Must Luik opened its own costume rental service, a logical extension of the company's development, as the warehouses were full of costumes for the fashion studio and the children's camp.\u00a0<\/p><p>The founder of the fashion studio Must Luik is T\u00e4hte Luik and the head designer is Merle Kappel. Most of the costumes have been designed and made by them. The collections are constantly updated and renewed.<\/p><p>In 2021, after a long and uncertain period of Corona, the fate of costume rental was uncertain: to continue or not? In the autumn of the same year, the costume shop changed ownership and became a family business. In a small team, everything is still done with enthusiasm and the main goal is satisfied customers.<\/p>\t\t\t\t\t\t<\/div>\n\t\t\t\t<\/div>\n\t\t\t\t\t<\/div>\n\t\t<\/div>\n\t\t\t\t\t\t\t<\/div>\n\t\t<\/section>\n\t\t\t\t\t\t\t<\/div>","protected":false},"excerpt":{"rendered":"<p>Moestuudio Must Luik \u2014 Tallinna k\u00f5ige mitmek\u00fclgsem kost\u00fc\u00fcmilaenutus Astu sisse meie maagilisse maailma, kus leidub sobivaid kost\u00fc\u00fcme igale maitsele ja stiilile alates lihtsatest vabrikukost\u00fc\u00fcmidest kuni autentsete vormir\u00f5ivaste ja ajastukost\u00fc\u00fcmideni v\u00e4lja. Meie valik ei j\u00e4ta sind kunagi h\u00e4tta. ETTEV\u00d5TTEST Astume \u00fcheskoos kost\u00fc\u00fcmide maailma \u2014 avasta, koge ja naudi Musta Luige v\u00f5lu! Moestuudio Must Luik s\u00fcndis 1995. [&hellip;]<\/p>","protected":false},"author":1,"featured_media":0,"parent":0,"menu_order":0,"comment_status":"closed","ping_status":"closed","template":"elementor_header_footer","meta":{"footnotes":""},"class_list":["post-24","page","type-page","status-publish","hentry"],"yoast_head":"<!-- This site is optimized with the Yoast SEO plugin v21.0 - https:\/\/yoast.com\/wordpress\/plugins\/seo\/ -->\n<title>Meist | Kost&uuml;&uuml;milaenutus Must Luik<\/title>\n<meta name=\"description\" content=\"Moestuudio Must Luik kost\u00fc\u00fcmilaenutuse asukoht Tallinna kesklinnas on kergelt leitav, kost\u00fc\u00fcmivalik nii lastele kui t\u00e4iskasvanutele on v\u00e4ga suur ja ....\" \/>\n<meta name=\"robots\" content=\"index, follow, max-snippet:-1, max-image-preview:large, max-video-preview:-1\" \/>\n<link rel=\"canonical\" href=\"https:\/\/mustluik.ee\/en\/meist\/\" \/>\n<meta property=\"og:locale\" content=\"en_GB\" \/>\n<meta property=\"og:type\" content=\"article\" \/>\n<meta property=\"og:title\" content=\"Meist | Kost&uuml;&uuml;milaenutus Must Luik\" \/>\n<meta property=\"og:description\" content=\"Moestuudio Must Luik kost\u00fc\u00fcmilaenutuse asukoht Tallinna kesklinnas on kergelt leitav, kost\u00fc\u00fcmivalik nii lastele kui t\u00e4iskasvanutele on v\u00e4ga suur ja ....\" \/>\n<meta property=\"og:url\" content=\"https:\/\/mustluik.ee\/en\/meist\/\" \/>\n<meta property=\"og:site_name\" content=\"Kost&uuml;&uuml;milaenutus Must Luik\" \/>\n<meta property=\"article:publisher\" content=\"https:\/\/www.facebook.com\/profile.php?id=100057053156805\" \/>\n<meta property=\"article:modified_time\" content=\"2023-09-03T14:48:12+00:00\" \/>\n<meta property=\"og:image\" content=\"https:\/\/mustluik.ee\/wp-content\/uploads\/2023\/08\/IMG-7214.jpg\" \/>\n<meta name=\"twitter:card\" content=\"summary_large_image\" \/>\n<meta name=\"twitter:label1\" content=\"Estimated reading time\" \/>\n\t<meta name=\"twitter:data1\" content=\"2 minutes\" \/>\n<script type=\"application\/ld+json\" class=\"yoast-schema-graph\">{\"@context\":\"https:\/\/schema.org\",\"@graph\":[{\"@type\":\"WebPage\",\"@id\":\"https:\/\/mustluik.ee\/meist\/\",\"url\":\"https:\/\/mustluik.ee\/meist\/\",\"name\":\"Meist | Kost&uuml;&uuml;milaenutus Must Luik\",\"isPartOf\":{\"@id\":\"https:\/\/mustluik.ee\/#website\"},\"datePublished\":\"2023-05-16T16:31:53+00:00\",\"dateModified\":\"2023-09-03T14:48:12+00:00\",\"description\":\"Moestuudio Must Luik kost\u00fc\u00fcmilaenutuse asukoht Tallinna kesklinnas on kergelt leitav, kost\u00fc\u00fcmivalik nii lastele kui t\u00e4iskasvanutele on v\u00e4ga suur ja ....\",\"breadcrumb\":{\"@id\":\"https:\/\/mustluik.ee\/meist\/#breadcrumb\"},\"inLanguage\":\"en-GB\",\"potentialAction\":[{\"@type\":\"ReadAction\",\"target\":[\"https:\/\/mustluik.ee\/meist\/\"]}]},{\"@type\":\"BreadcrumbList\",\"@id\":\"https:\/\/mustluik.ee\/meist\/#breadcrumb\",\"itemListElement\":[{\"@type\":\"ListItem\",\"position\":1,\"name\":\"Home\",\"item\":\"https:\/\/mustluik.ee\/\"},{\"@type\":\"ListItem\",\"position\":2,\"name\":\"Meist\"}]},{\"@type\":\"WebSite\",\"@id\":\"https:\/\/mustluik.ee\/#website\",\"url\":\"https:\/\/mustluik.ee\/\",\"name\":\"Kost&uuml;&uuml;milaenutus Must Luik\",\"description\":\"\",\"publisher\":{\"@id\":\"https:\/\/mustluik.ee\/#organization\"},\"potentialAction\":[{\"@type\":\"SearchAction\",\"target\":{\"@type\":\"EntryPoint\",\"urlTemplate\":\"https:\/\/mustluik.ee\/?s={search_term_string}\"},\"query-input\":\"required name=search_term_string\"}],\"inLanguage\":\"en-GB\"},{\"@type\":\"Organization\",\"@id\":\"https:\/\/mustluik.ee\/#organization\",\"name\":\"Kost&uuml;&uuml;milaenutus Must Luik\",\"url\":\"https:\/\/mustluik.ee\/\",\"logo\":{\"@type\":\"ImageObject\",\"inLanguage\":\"en-GB\",\"@id\":\"https:\/\/mustluik.ee\/#\/schema\/logo\/image\/\",\"url\":\"https:\/\/mustluik.ee\/wp-content\/uploads\/2023\/05\/Must-Luik-logo-2.png\",\"contentUrl\":\"https:\/\/mustluik.ee\/wp-content\/uploads\/2023\/05\/Must-Luik-logo-2.png\",\"width\":653,\"height\":683,\"caption\":\"Kost&uuml;&uuml;milaenutus Must Luik\"},\"image\":{\"@id\":\"https:\/\/mustluik.ee\/#\/schema\/logo\/image\/\"},\"sameAs\":[\"https:\/\/www.facebook.com\/profile.php?id=100057053156805\"]}]}<\/script>\n<!-- \/ Yoast SEO plugin. -->","yoast_head_json":{"title":"Meist | Kost&uuml;&uuml;milaenutus Must Luik","description":"Moestuudio Must Luik kost\u00fc\u00fcmilaenutuse asukoht Tallinna kesklinnas on kergelt leitav, kost\u00fc\u00fcmivalik nii lastele kui t\u00e4iskasvanutele on v\u00e4ga suur ja ....","robots":{"index":"index","follow":"follow","max-snippet":"max-snippet:-1","max-image-preview":"max-image-preview:large","max-video-preview":"max-video-preview:-1"},"canonical":"https:\/\/mustluik.ee\/en\/meist\/","og_locale":"en_GB","og_type":"article","og_title":"Meist | Kost&uuml;&uuml;milaenutus Must Luik","og_description":"Moestuudio Must Luik kost\u00fc\u00fcmilaenutuse asukoht Tallinna kesklinnas on kergelt leitav, kost\u00fc\u00fcmivalik nii lastele kui t\u00e4iskasvanutele on v\u00e4ga suur ja ....","og_url":"https:\/\/mustluik.ee\/en\/meist\/","og_site_name":"Kost&uuml;&uuml;milaenutus Must Luik","article_publisher":"https:\/\/www.facebook.com\/profile.php?id=100057053156805","article_modified_time":"2023-09-03T14:48:12+00:00","og_image":[{"url":"https:\/\/mustluik.ee\/wp-content\/uploads\/2023\/08\/IMG-7214.jpg"}],"twitter_card":"summary_large_image","twitter_misc":{"Estimated reading time":"2 minutes"},"schema":{"@context":"https:\/\/schema.org","@graph":[{"@type":"WebPage","@id":"https:\/\/mustluik.ee\/meist\/","url":"https:\/\/mustluik.ee\/meist\/","name":"Meist | Kost&uuml;&uuml;milaenutus Must Luik","isPartOf":{"@id":"https:\/\/mustluik.ee\/#website"},"datePublished":"2023-05-16T16:31:53+00:00","dateModified":"2023-09-03T14:48:12+00:00","description":"Moestuudio Must Luik kost\u00fc\u00fcmilaenutuse asukoht Tallinna kesklinnas on kergelt leitav, kost\u00fc\u00fcmivalik nii lastele kui t\u00e4iskasvanutele on v\u00e4ga suur ja ....","breadcrumb":{"@id":"https:\/\/mustluik.ee\/meist\/#breadcrumb"},"inLanguage":"en-GB","potentialAction":[{"@type":"ReadAction","target":["https:\/\/mustluik.ee\/meist\/"]}]},{"@type":"BreadcrumbList","@id":"https:\/\/mustluik.ee\/meist\/#breadcrumb","itemListElement":[{"@type":"ListItem","position":1,"name":"Home","item":"https:\/\/mustluik.ee\/"},{"@type":"ListItem","position":2,"name":"Meist"}]},{"@type":"WebSite","@id":"https:\/\/mustluik.ee\/#website","url":"https:\/\/mustluik.ee\/","name":"Kost&uuml;&uuml;milaenutus Must Luik","description":"","publisher":{"@id":"https:\/\/mustluik.ee\/#organization"},"potentialAction":[{"@type":"SearchAction","target":{"@type":"EntryPoint","urlTemplate":"https:\/\/mustluik.ee\/?s={search_term_string}"},"query-input":"required name=search_term_string"}],"inLanguage":"en-GB"},{"@type":"Organization","@id":"https:\/\/mustluik.ee\/#organization","name":"Kost&uuml;&uuml;milaenutus Must Luik","url":"https:\/\/mustluik.ee\/","logo":{"@type":"ImageObject","inLanguage":"en-GB","@id":"https:\/\/mustluik.ee\/#\/schema\/logo\/image\/","url":"https:\/\/mustluik.ee\/wp-content\/uploads\/2023\/05\/Must-Luik-logo-2.png","contentUrl":"https:\/\/mustluik.ee\/wp-content\/uploads\/2023\/05\/Must-Luik-logo-2.png","width":653,"height":683,"caption":"Kost&uuml;&uuml;milaenutus Must Luik"},"image":{"@id":"https:\/\/mustluik.ee\/#\/schema\/logo\/image\/"},"sameAs":["https:\/\/www.facebook.com\/profile.php?id=100057053156805"]}]}},"_links":{"self":[{"href":"https:\/\/mustluik.ee\/en\/wp-json\/wp\/v2\/pages\/24","targetHints":{"allow":["GET"]}}],"collection":[{"href":"https:\/\/mustluik.ee\/en\/wp-json\/wp\/v2\/pages"}],"about":[{"href":"https:\/\/mustluik.ee\/en\/wp-json\/wp\/v2\/types\/page"}],"author":[{"embeddable":true,"href":"https:\/\/mustluik.ee\/en\/wp-json\/wp\/v2\/users\/1"}],"replies":[{"embeddable":true,"href":"https:\/\/mustluik.ee\/en\/wp-json\/wp\/v2\/comments?post=24"}],"version-history":[{"count":32,"href":"https:\/\/mustluik.ee\/en\/wp-json\/wp\/v2\/pages\/24\/revisions"}],"predecessor-version":[{"id":1811,"href":"https:\/\/mustluik.ee\/en\/wp-json\/wp\/v2\/pages\/24\/revisions\/1811"}],"wp:attachment":[{"href":"https:\/\/mustluik.ee\/en\/wp-json\/wp\/v2\/media?parent=24"}],"curies":[{"name":"wp","href":"https:\/\/api.w.org\/{rel}","templated":true}]}}